{"id":12,"date":"2019-11-13T09:18:51","date_gmt":"2019-11-13T09:18:51","guid":{"rendered":"https:\/\/themes.muffingroup.com\/be\/itservice3\/?page_id=12"},"modified":"2021-06-20T20:05:06","modified_gmt":"2021-06-20T20:05:06","slug":"iletisim","status":"publish","type":"page","link":"http:\/\/istgunesmetal.com\/index.php\/iletisim\/","title":{"rendered":"\u0130leti\u015fim"},"content":{"rendered":"","protected":false},"excerpt":{"rendered":"","protected":false},"author":1,"featured_media":0,"parent":0,"menu_order":0,"comment_status":"closed","ping_status":"closed","template":"","meta":{"footnotes":""},"yoast_head":"<!-- This site is optimized with the Yoast SEO plugin v22.6 - https:\/\/yoast.com\/wordpress\/plugins\/seo\/ -->\n<title>\u0130leti\u015fim - istanbul G&uuml;ne\u015f Metal<\/title>\n<meta name=\"robots\" content=\"index, follow, max-snippet:-1, max-image-preview:large, max-video-preview:-1\" \/>\n<link rel=\"canonical\" href=\"http:\/\/istgunesmetal.com\/index.php\/iletisim\/\" \/>\n<meta property=\"og:locale\" content=\"tr_TR\" \/>\n<meta property=\"og:type\" content=\"article\" \/>\n<meta property=\"og:title\" content=\"\u0130leti\u015fim - istanbul G&uuml;ne\u015f Metal\" \/>\n<meta property=\"og:url\" content=\"http:\/\/istgunesmetal.com\/index.php\/iletisim\/\" \/>\n<meta property=\"og:site_name\" content=\"istanbul G&uuml;ne\u015f Metal\" \/>\n<meta property=\"article:modified_time\" content=\"2021-06-20T20:05:06+00:00\" \/>\n<meta name=\"twitter:card\" content=\"summary_large_image\" \/>\n<script type=\"application\/ld+json\" class=\"yoast-schema-graph\">{\"@context\":\"https:\/\/schema.org\",\"@graph\":[{\"@type\":\"WebPage\",\"@id\":\"http:\/\/istgunesmetal.com\/index.php\/iletisim\/\",\"url\":\"http:\/\/istgunesmetal.com\/index.php\/iletisim\/\",\"name\":\"\u0130leti\u015fim - istanbul G&uuml;ne\u015f Metal\",\"isPartOf\":{\"@id\":\"http:\/\/istgunesmetal.com\/#website\"},\"datePublished\":\"2019-11-13T09:18:51+00:00\",\"dateModified\":\"2021-06-20T20:05:06+00:00\",\"breadcrumb\":{\"@id\":\"http:\/\/istgunesmetal.com\/index.php\/iletisim\/#breadcrumb\"},\"inLanguage\":\"tr\",\"potentialAction\":[{\"@type\":\"ReadAction\",\"target\":[\"http:\/\/istgunesmetal.com\/index.php\/iletisim\/\"]}]},{\"@type\":\"BreadcrumbList\",\"@id\":\"http:\/\/istgunesmetal.com\/index.php\/iletisim\/#breadcrumb\",\"itemListElement\":[{\"@type\":\"ListItem\",\"position\":1,\"name\":\"Anasayfa\",\"item\":\"http:\/\/istgunesmetal.com\/\"},{\"@type\":\"ListItem\",\"position\":2,\"name\":\"\u0130leti\u015fim\"}]},{\"@type\":\"WebSite\",\"@id\":\"http:\/\/istgunesmetal.com\/#website\",\"url\":\"http:\/\/istgunesmetal.com\/\",\"name\":\"istanbul G&uuml;ne\u015f Metal\",\"description\":\"En yak\u0131n hurdac\u0131\",\"potentialAction\":[{\"@type\":\"SearchAction\",\"target\":{\"@type\":\"EntryPoint\",\"urlTemplate\":\"http:\/\/istgunesmetal.com\/?s={search_term_string}\"},\"query-input\":\"required name=search_term_string\"}],\"inLanguage\":\"tr\"}]}<\/script>\n<!-- \/ Yoast SEO plugin. -->","yoast_head_json":{"title":"\u0130leti\u015fim - istanbul G&uuml;ne\u015f Metal","robots":{"index":"index","follow":"follow","max-snippet":"max-snippet:-1","max-image-preview":"max-image-preview:large","max-video-preview":"max-video-preview:-1"},"canonical":"http:\/\/istgunesmetal.com\/index.php\/iletisim\/","og_locale":"tr_TR","og_type":"article","og_title":"\u0130leti\u015fim - istanbul G&uuml;ne\u015f Metal","og_url":"http:\/\/istgunesmetal.com\/index.php\/iletisim\/","og_site_name":"istanbul G&uuml;ne\u015f Metal","article_modified_time":"2021-06-20T20:05:06+00:00","twitter_card":"summary_large_image","schema":{"@context":"https:\/\/schema.org","@graph":[{"@type":"WebPage","@id":"http:\/\/istgunesmetal.com\/index.php\/iletisim\/","url":"http:\/\/istgunesmetal.com\/index.php\/iletisim\/","name":"\u0130leti\u015fim - istanbul G&uuml;ne\u015f Metal","isPartOf":{"@id":"http:\/\/istgunesmetal.com\/#website"},"datePublished":"2019-11-13T09:18:51+00:00","dateModified":"2021-06-20T20:05:06+00:00","breadcrumb":{"@id":"http:\/\/istgunesmetal.com\/index.php\/iletisim\/#breadcrumb"},"inLanguage":"tr","potentialAction":[{"@type":"ReadAction","target":["http:\/\/istgunesmetal.com\/index.php\/iletisim\/"]}]},{"@type":"BreadcrumbList","@id":"http:\/\/istgunesmetal.com\/index.php\/iletisim\/#breadcrumb","itemListElement":[{"@type":"ListItem","position":1,"name":"Anasayfa","item":"http:\/\/istgunesmetal.com\/"},{"@type":"ListItem","position":2,"name":"\u0130leti\u015fim"}]},{"@type":"WebSite","@id":"http:\/\/istgunesmetal.com\/#website","url":"http:\/\/istgunesmetal.com\/","name":"istanbul G&uuml;ne\u015f Metal","description":"En yak\u0131n hurdac\u0131","potentialAction":[{"@type":"SearchAction","target":{"@type":"EntryPoint","urlTemplate":"http:\/\/istgunesmetal.com\/?s={search_term_string}"},"query-input":"required name=search_term_string"}],"inLanguage":"tr"}]}},"_links":{"self":[{"href":"http:\/\/istgunesmetal.com\/index.php\/wp-json\/wp\/v2\/pages\/12"}],"collection":[{"href":"http:\/\/istgunesmetal.com\/index.php\/wp-json\/wp\/v2\/pages"}],"about":[{"href":"http:\/\/istgunesmetal.com\/index.php\/wp-json\/wp\/v2\/types\/page"}],"author":[{"embeddable":true,"href":"http:\/\/istgunesmetal.com\/index.php\/wp-json\/wp\/v2\/users\/1"}],"replies":[{"embeddable":true,"href":"http:\/\/istgunesmetal.com\/index.php\/wp-json\/wp\/v2\/comments?post=12"}],"version-history":[{"count":2,"href":"http:\/\/istgunesmetal.com\/index.php\/wp-json\/wp\/v2\/pages\/12\/revisions"}],"predecessor-version":[{"id":75,"href":"http:\/\/istgunesmetal.com\/index.php\/wp-json\/wp\/v2\/pages\/12\/revisions\/75"}],"wp:attachment":[{"href":"http:\/\/istgunesmetal.com\/index.php\/wp-json\/wp\/v2\/media?parent=12"}],"curies":[{"name":"wp","href":"https:\/\/api.w.org\/{rel}","templated":true}]}}